{"id":561,"date":"2022-02-14T12:48:36","date_gmt":"2022-02-14T12:48:36","guid":{"rendered":"https:\/\/neiholding.ro\/?page_id=561"},"modified":"2024-09-30T16:14:24","modified_gmt":"2024-09-30T16:14:24","slug":"nei-tehnic-si-calitate","status":"publish","type":"page","link":"https:\/\/neiholding.ro\/index.php\/nei-tehnic-si-calitate\/","title":{"rendered":"NEI TEHNIC SI CALITATE"},"content":{"rendered":"<style>\/*! elementor - v3.11.3 - 07-03-2023 *\/<br \/>\n.elementor-widget-image{text-align:center}.elementor-widget-image a{display:inline-block}.elementor-widget-image a img[src$=\".svg\"]{width:48px}.elementor-widget-image img{vertical-align:middle;display:inline-block}<\/style>\n<p><img decoding=\"async\" src=\"https:\/\/neiholding.ro\/wp-content\/uploads\/2022\/02\/NEI-TECHNICS-PRO-all-300x68.png\" sizes=\"(max-width: 300px) 100vw, 300px\" srcset=\"https:\/\/neiholding.ro\/wp-content\/uploads\/2022\/02\/NEI-TECHNICS-PRO-all-300x68.png 300w, https:\/\/neiholding.ro\/wp-content\/uploads\/2022\/02\/NEI-TECHNICS-PRO-all-1024x232.png 1024w, https:\/\/neiholding.ro\/wp-content\/uploads\/2022\/02\/NEI-TECHNICS-PRO-all-768x174.png 768w, https:\/\/neiholding.ro\/wp-content\/uploads\/2022\/02\/NEI-TECHNICS-PRO-all-1536x347.png 1536w, https:\/\/neiholding.ro\/wp-content\/uploads\/2022\/02\/NEI-TECHNICS-PRO-all.png 1609w\" alt=\"\" width=\"300\" height=\"68\" \/><\/p>\n<p><strong>Nei Tehnic si Calitate<\/strong> este o companie ce are ca domeniu de activitate importul \u015fi distribu\u0163ia echipamentelor de securitate.Alaturi de NEI Divizia de Securitate, NEI Medica Asist, NEI Fire Services, NEI Management Consulting, Nei View, Agentia Privata de Investigatii NEI si NEI HR Solutions formeaz\u0103 NEI HOLDING, av\u00e2nd ca idee central\u0103 pasiunea pentru diversitate \u015fi implicit dezvoltare multilateral\u0103, baz\u00e2ndu-se strict pe un capital 100% rom\u00e2nesc.<\/p>\n<p>Particip\u00e2nd activ la expozi\u0163ii, seminarii, conferin\u0163e, simpozioane interne \u015fi interna\u0163ionale reu\u015fim s\u0103 aducem pe pia\u0163a rom\u00e2neasca echipamente de calitate superioar\u0103 care \u00eenglobeaz\u0103 tehnologii de v\u00e2rf din domeniul securit\u0103\u0163ii.<\/p>\n<p>Viziunea, pre\u0163urile, suportul tehnic \u015fi termenele de livrare ne-au propulsat \u00een topul celor mai bune companii de distribu\u0163ie.<\/p>\n<p>Oferta noastr\u0103 de distribu\u0163ie include echipamente realizate de cele mai prestigioase companii din domeniu: SIEMENS, SAMSUNG, BOSCH, DSC, PARADOX, BENTEL, JVC, GE, HIKVISION, LG, HP.<\/p>\n<p>Misiunea <b>Nei Tehnic si Calitate<\/b> este de a r\u0103spunde cererii de sisteme de securitate cu o gam\u0103 complet\u0103, care presupune un mod flexibil de a configura oferta \u00een func\u0163ie de cerin\u0163ele \u015fi nevoile de securitate ale clientului.<\/p>\n<p><img fetchpriority=\"high\" decoding=\"async\" src=\"https:\/\/neiholding.ro\/wp-content\/uploads\/2022\/02\/tehnic.jpg\" sizes=\"(max-width: 371px) 100vw, 371px\" srcset=\"https:\/\/neiholding.ro\/wp-content\/uploads\/2022\/02\/tehnic.jpg 371w, https:\/\/neiholding.ro\/wp-content\/uploads\/2022\/02\/tehnic-300x240.jpg 300w\" alt=\"\" width=\"371\" height=\"297\" \/><br \/>\n<img decoding=\"async\" src=\"https:\/\/neiholding.ro\/wp-content\/uploads\/2022\/02\/12011185_971762992881440_5165280612784977687_n.jpg\" sizes=\"(max-width: 700px) 100vw, 700px\" srcset=\"https:\/\/neiholding.ro\/wp-content\/uploads\/2022\/02\/12011185_971762992881440_5165280612784977687_n.jpg 700w, https:\/\/neiholding.ro\/wp-content\/uploads\/2022\/02\/12011185_971762992881440_5165280612784977687_n-300x225.jpg 300w\" alt=\"\" width=\"700\" height=\"525\" \/><\/p>\n<style>\/*! elementor - v3.11.3 - 07-03-2023 *\/<br \/>\n.elementor-heading-title{padding:0;margin:0;line-height:1}.elementor-widget-heading .elementor-heading-title[class*=elementor-size-]>a{color:inherit;font-size:inherit;line-height:inherit}.elementor-widget-heading .elementor-heading-title.elementor-size-small{font-size:15px}.elementor-widget-heading .elementor-heading-title.elementor-size-medium{font-size:19px}.elementor-widget-heading .elementor-heading-title.elementor-size-large{font-size:29px}.elementor-widget-heading .elementor-heading-title.elementor-size-xl{font-size:39px}.elementor-widget-heading .elementor-heading-title.elementor-size-xxl{font-size:59px}<\/style>\n<h2>LICEN\u021aA<\/h2>\n<h2><img loading=\"lazy\" decoding=\"async\" class=\"alignnone size-medium wp-image-1114\" src=\"https:\/\/neiholding.ro\/wp-content\/uploads\/2024\/09\/f5573f75-e214-487c-8ac7-5aaba1e4b9e7-300x244.jpeg\" alt=\"\" width=\"300\" height=\"244\" srcset=\"https:\/\/neiholding.ro\/wp-content\/uploads\/2024\/09\/f5573f75-e214-487c-8ac7-5aaba1e4b9e7-300x244.jpeg 300w, https:\/\/neiholding.ro\/wp-content\/uploads\/2024\/09\/f5573f75-e214-487c-8ac7-5aaba1e4b9e7-1024x832.jpeg 1024w, https:\/\/neiholding.ro\/wp-content\/uploads\/2024\/09\/f5573f75-e214-487c-8ac7-5aaba1e4b9e7-768x624.jpeg 768w, https:\/\/neiholding.ro\/wp-content\/uploads\/2024\/09\/f5573f75-e214-487c-8ac7-5aaba1e4b9e7.jpeg 1148w\" sizes=\"(max-width: 300px) 100vw, 300px\" \/><br \/>\nCONCTACT<\/h2>\n<ul>\n<li>+4 723 330 313<\/li>\n<li>mihaela.neicu@neiholding.ro<\/li>\n<li>+4 021 9502<\/li>\n<li>office@neiholding.ro<\/li>\n<\/ul>\n","protected":false},"excerpt":{"rendered":"<p>Nei Tehnic si Calitate este o companie ce are ca domeniu de activitate importul \u015fi distribu\u0163ia echipamentelor de securitate.Alaturi de NEI Divizia de Securitate, NEI Medica Asist, NEI Fire Services, NEI Management Consulting, Nei View, Agentia Privata de Investigatii NEI si NEI HR Solutions formeaz\u0103 NEI HOLDING, av\u00e2nd ca idee central\u0103 pasiunea pentru diversitate \u015fi [&hellip;]<\/p>\n","protected":false},"author":1,"featured_media":0,"parent":0,"menu_order":0,"comment_status":"closed","ping_status":"closed","template":"elementor_header_footer","meta":{"footnotes":""},"class_list":["post-561","page","type-page","status-publish","hentry"],"_links":{"self":[{"href":"https:\/\/neiholding.ro\/index.php\/wp-json\/wp\/v2\/pages\/561","targetHints":{"allow":["GET"]}}],"collection":[{"href":"https:\/\/neiholding.ro\/index.php\/wp-json\/wp\/v2\/pages"}],"about":[{"href":"https:\/\/neiholding.ro\/index.php\/wp-json\/wp\/v2\/types\/page"}],"author":[{"embeddable":true,"href":"https:\/\/neiholding.ro\/index.php\/wp-json\/wp\/v2\/users\/1"}],"replies":[{"embeddable":true,"href":"https:\/\/neiholding.ro\/index.php\/wp-json\/wp\/v2\/comments?post=561"}],"version-history":[{"count":24,"href":"https:\/\/neiholding.ro\/index.php\/wp-json\/wp\/v2\/pages\/561\/revisions"}],"predecessor-version":[{"id":1115,"href":"https:\/\/neiholding.ro\/index.php\/wp-json\/wp\/v2\/pages\/561\/revisions\/1115"}],"wp:attachment":[{"href":"https:\/\/neiholding.ro\/index.php\/wp-json\/wp\/v2\/media?parent=561"}],"curies":[{"name":"wp","href":"https:\/\/api.w.org\/{rel}","templated":true}]}}