{"id":552,"date":"2022-02-14T12:34:31","date_gmt":"2022-02-14T12:34:31","guid":{"rendered":"https:\/\/neiholding.ro\/?page_id=552"},"modified":"2024-01-22T21:23:58","modified_gmt":"2024-01-22T21:23:58","slug":"nei-management-consulting","status":"publish","type":"page","link":"https:\/\/neiholding.ro\/index.php\/nei-management-consulting\/","title":{"rendered":"NEI MANAGEMENT &#038; CONSULTING"},"content":{"rendered":"\t\t<div data-elementor-type=\"wp-page\" data-elementor-id=\"552\" class=\"elementor elementor-552\">\n\t\t\t\t\t\t<section class=\"elementor-section elementor-top-section elementor-element elementor-element-acd3c86 elementor-section-boxed elementor-section-height-default elementor-section-height-default\" data-id=\"acd3c86\" data-element_type=\"section\" data-settings=\"{&quot;background_background&quot;:&quot;classic&quot;}\">\n\t\t\t\t\t\t<div class=\"elementor-container elementor-column-gap-default\">\n\t\t\t\t\t<div class=\"elementor-column elementor-col-100 elementor-top-column elementor-element elementor-element-c772fdd\" data-id=\"c772fdd\" data-element_type=\"column\">\n\t\t\t<div class=\"elementor-widget-wrap elementor-element-populated\">\n\t\t\t\t\t\t<div class=\"elementor-element elementor-element-ad69303 elementor-widget elementor-widget-image\" data-id=\"ad69303\" data-element_type=\"widget\" data-widget_type=\"image.default\">\n\t\t\t\t<div class=\"elementor-widget-container\">\n\t\t\t\t\t\t\t\t\t\t\t\t\t<img decoding=\"async\" width=\"300\" height=\"77\" src=\"https:\/\/neiholding.ro\/wp-content\/uploads\/2022\/02\/NEI-MANAGEMENT-all-300x77.png\" class=\"attachment-medium size-medium wp-image-656\" alt=\"\" srcset=\"https:\/\/neiholding.ro\/wp-content\/uploads\/2022\/02\/NEI-MANAGEMENT-all-300x77.png 300w, https:\/\/neiholding.ro\/wp-content\/uploads\/2022\/02\/NEI-MANAGEMENT-all-1024x262.png 1024w, https:\/\/neiholding.ro\/wp-content\/uploads\/2022\/02\/NEI-MANAGEMENT-all-768x196.png 768w, https:\/\/neiholding.ro\/wp-content\/uploads\/2022\/02\/NEI-MANAGEMENT-all-1536x392.png 1536w, https:\/\/neiholding.ro\/wp-content\/uploads\/2022\/02\/NEI-MANAGEMENT-all.png 1613w\" sizes=\"(max-width: 300px) 100vw, 300px\" \/>\t\t\t\t\t\t\t\t\t\t\t\t\t<\/div>\n\t\t\t\t<\/div>\n\t\t\t\t<div class=\"elementor-element elementor-element-cecb6c0 elementor-widget elementor-widget-text-editor\" data-id=\"cecb6c0\" data-element_type=\"widget\" data-widget_type=\"text-editor.default\">\n\t\t\t\t<div class=\"elementor-widget-container\">\n\t\t\t\t\t\t\t<p><strong>NEI Management Consulting<\/strong> a fost \u00eenfiin\u0163at\u0103 pentru a oferi servicii de consultan\u0163\u0103 companiilor de elit\u0103 \u015fi societ\u0103\u0163ilor comerciale, la cel mai \u00eenalt nivel.Alaturi de NEI Divizia de Securitate, NEI Medica Asist, NEI Fire Services, Agentia Privata de Investigatii NEI, NEI HR Solutions, Nei View si NEI Tehnic si Calitate formeaz\u0103 NEI HOLDING, av\u00e2nd ca idee central\u0103 pasiunea pentru diversitate \u015fi implicit dezvoltare multilateral\u0103, baz\u00e2ndu-se strict pe un capital 100% rom\u00e2nesc.<br \/>Scopul nostru este de a v\u0103 \u00een\u0163elege afacerea \u015fi de a lucra \u00eempreun\u0103 \u00een planificarea \u015fi ob\u0163inerea<br \/>succesului companiei pe care o reprezenta\u0163i.<\/p><p>Compania NEI Management Consulting are \u00een portofoliul s\u0103u un num\u0103r important de societ\u0103\u0163i \u015fi companii multina\u0163ionale, cu un renume din \u0163\u0103ri precum: Elve\u0163ia, Grecia, Spania, Fran\u0163a, Germania, Cehia, Moldova, Albania, Serbia \u015fi Bulgaria.<\/p><p>In prezent NEI Management Consulting \u00ee\u015fi face sim\u0163it\u0103 prezen\u0163a at\u00e2t pe plan na\u0163ional cu birouri \u00een Bucure\u015fti, Bra\u015fov, Constan\u0163a c\u00e2t \u015fi interna\u0163ional cu birouri \u00een Belgrad, Chi\u015fin\u0103u, Paris, Sofia \u015fi Tirana.<\/p>\t\t\t\t\t\t<\/div>\n\t\t\t\t<\/div>\n\t\t\t\t\t<\/div>\n\t\t<\/div>\n\t\t\t\t\t<\/div>\n\t\t<\/section>\n\t\t\t\t<section class=\"elementor-section elementor-top-section elementor-element elementor-element-26b7ea4 elementor-section-boxed elementor-section-height-default elementor-section-height-default\" data-id=\"26b7ea4\" data-element_type=\"section\" data-settings=\"{&quot;background_background&quot;:&quot;classic&quot;}\">\n\t\t\t\t\t\t<div class=\"elementor-container elementor-column-gap-default\">\n\t\t\t\t\t<div class=\"elementor-column elementor-col-100 elementor-top-column elementor-element elementor-element-e4927b3\" data-id=\"e4927b3\" data-element_type=\"column\">\n\t\t\t<div class=\"elementor-widget-wrap elementor-element-populated\">\n\t\t\t\t\t\t<div class=\"elementor-element elementor-element-619c594 elementor-widget elementor-widget-text-editor\" data-id=\"619c594\" data-element_type=\"widget\" data-widget_type=\"text-editor.default\">\n\t\t\t\t<div class=\"elementor-widget-container\">\n\t\t\t\t\t\t\t<p><strong>SERVICII<\/strong><\/p><p>\u2666 CONSULTAN\u0162\u0102 ECONOMIC\u0102<\/p><p>\u2666 BUSINESS INTELLIGENCE<\/p><p>\u2666 CONSULTAN\u0162\u0102 PENTRU FINAN\u0162\u0102RI CU FONDURI EUROPENE<\/p><p>\u2666 CURSURI DE FORMATORI<\/p><p>\u2666 CONSULTAN\u0162\u0102 DE SECURITATE<\/p><p>\u2666 CONSULTAN\u0162\u0102 MEDICAL\u0102<\/p><p>\u2666 SECURITATEA \u015el S\u0102NATATEA \u00ceN MUNC\u0102<\/p><p>\u2666 CONSULTAN\u0162A HR<\/p><p>\u2666 CONSULTAN\u0162A IT&amp;C<\/p><p>\u2666 PROTEC\u0162IA INFORMA\u0162IEI<\/p><p>\u2666 CONSULTAN\u0162A \u00ceN CONSTRUC\u0162II<\/p><p>\u2666 CONSULTAN\u0162\u0102 IMOBILIAR\u0102<\/p>\t\t\t\t\t\t<\/div>\n\t\t\t\t<\/div>\n\t\t\t\t\t<\/div>\n\t\t<\/div>\n\t\t\t\t\t<\/div>\n\t\t<\/section>\n\t\t\t\t<\/div>\n\t\t","protected":false},"excerpt":{"rendered":"<p>NEI Management Consulting a fost \u00eenfiin\u0163at\u0103 pentru a oferi servicii de consultan\u0163\u0103 companiilor de elit\u0103 \u015fi societ\u0103\u0163ilor comerciale, la cel mai \u00eenalt nivel.Alaturi de NEI Divizia de Securitate, NEI Medica Asist, NEI Fire Services, Agentia Privata de Investigatii NEI, NEI HR Solutions, Nei View si NEI Tehnic si Calitate formeaz\u0103 NEI HOLDING, av\u00e2nd ca idee [&hellip;]<\/p>\n","protected":false},"author":1,"featured_media":0,"parent":0,"menu_order":0,"comment_status":"closed","ping_status":"closed","template":"elementor_header_footer","meta":{"footnotes":""},"class_list":["post-552","page","type-page","status-publish","hentry"],"_links":{"self":[{"href":"https:\/\/neiholding.ro\/index.php\/wp-json\/wp\/v2\/pages\/552","targetHints":{"allow":["GET"]}}],"collection":[{"href":"https:\/\/neiholding.ro\/index.php\/wp-json\/wp\/v2\/pages"}],"about":[{"href":"https:\/\/neiholding.ro\/index.php\/wp-json\/wp\/v2\/types\/page"}],"author":[{"embeddable":true,"href":"https:\/\/neiholding.ro\/index.php\/wp-json\/wp\/v2\/users\/1"}],"replies":[{"embeddable":true,"href":"https:\/\/neiholding.ro\/index.php\/wp-json\/wp\/v2\/comments?post=552"}],"version-history":[{"count":19,"href":"https:\/\/neiholding.ro\/index.php\/wp-json\/wp\/v2\/pages\/552\/revisions"}],"predecessor-version":[{"id":1083,"href":"https:\/\/neiholding.ro\/index.php\/wp-json\/wp\/v2\/pages\/552\/revisions\/1083"}],"wp:attachment":[{"href":"https:\/\/neiholding.ro\/index.php\/wp-json\/wp\/v2\/media?parent=552"}],"curies":[{"name":"wp","href":"https:\/\/api.w.org\/{rel}","templated":true}]}}