{"id":532,"date":"2022-02-14T12:22:41","date_gmt":"2022-02-14T12:22:41","guid":{"rendered":"https:\/\/neiholding.ro\/?page_id=532"},"modified":"2024-02-17T12:33:47","modified_gmt":"2024-02-17T12:33:47","slug":"ronei-guard-protection","status":"publish","type":"page","link":"https:\/\/neiholding.ro\/index.php\/ronei-guard-protection\/","title":{"rendered":"RONEI GUARD PROTECTION"},"content":{"rendered":"\t\t<div data-elementor-type=\"wp-page\" data-elementor-id=\"532\" class=\"elementor elementor-532\">\n\t\t\t\t\t\t<section class=\"elementor-section elementor-top-section elementor-element elementor-element-193ee6f elementor-section-boxed elementor-section-height-default elementor-section-height-default\" data-id=\"193ee6f\" data-element_type=\"section\" data-settings=\"{&quot;background_background&quot;:&quot;classic&quot;}\">\n\t\t\t\t\t\t<div class=\"elementor-container elementor-column-gap-default\">\n\t\t\t\t\t<div class=\"elementor-column elementor-col-100 elementor-top-column elementor-element elementor-element-aab459d\" data-id=\"aab459d\" data-element_type=\"column\">\n\t\t\t<div class=\"elementor-widget-wrap elementor-element-populated\">\n\t\t\t\t\t\t<div class=\"elementor-element elementor-element-dfa5416 elementor-widget elementor-widget-image\" data-id=\"dfa5416\" data-element_type=\"widget\" data-widget_type=\"image.default\">\n\t\t\t\t<div class=\"elementor-widget-container\">\n\t\t\t\t\t\t\t\t\t\t\t\t\t<img decoding=\"async\" src=\"https:\/\/neiholding.ro\/wp-content\/uploads\/elementor\/thumbs\/NEI-GUARD-PRO-I-pkjowlfer7uqabd6l3bfzlwrdqxmxobcsn31abpu5k.png\" title=\"NEI GUARD PRO-I\" alt=\"NEI GUARD PRO-I\" loading=\"lazy\" \/>\t\t\t\t\t\t\t\t\t\t\t\t\t<\/div>\n\t\t\t\t<\/div>\n\t\t\t\t\t<\/div>\n\t\t<\/div>\n\t\t\t\t\t<\/div>\n\t\t<\/section>\n\t\t\t\t<section class=\"elementor-section elementor-top-section elementor-element elementor-element-09aec7a elementor-section-boxed elementor-section-height-default elementor-section-height-default\" data-id=\"09aec7a\" data-element_type=\"section\">\n\t\t\t\t\t\t<div class=\"elementor-container elementor-column-gap-default\">\n\t\t\t\t\t<div class=\"elementor-column elementor-col-100 elementor-top-column elementor-element elementor-element-4e725a1\" data-id=\"4e725a1\" data-element_type=\"column\">\n\t\t\t<div class=\"elementor-widget-wrap elementor-element-populated\">\n\t\t\t\t\t\t<div class=\"elementor-element elementor-element-e0cb814 elementor-widget elementor-widget-text-editor\" data-id=\"e0cb814\" data-element_type=\"widget\" data-widget_type=\"text-editor.default\">\n\t\t\t\t<div class=\"elementor-widget-container\">\n\t\t\t\t\t\t\t<pre><strong>SERVICII<\/strong><\/pre><p>\u2013 MONITORIZARE VIDEO<br \/>\u2013 INTERVENTIE RAPIDA<br \/>\u2013 SERVICII TEHNICE<br \/>\u2013 PAZA<br \/>\u2013 TRANSPORT VALORI<br \/>\u2013 ESCORTA VIP<br \/>\u2013 BUSINESS INTELLIGENCE<br \/>\u2013 TELECOMUNICATII SECURIZATE<br \/>\u2013 SECURITATEA INFORMATIILOR<br \/>\u2013 MONITORIZARE FLOTA AUTO PRIN GPS<br \/>\u2013 SECURITATE LA INCENDIU<\/p><p>Alaturi de NEI Divizia de Securitate, NEI Medica Asist, NEI Fashion Style, NEI Fire Services, NEI Management Consulting , Agentia Privata de Investigatii NEI, Nei View si NEI Tehnic si Calitate formeaz\u0103 NEI HOLDING, av\u00e2nd ca idee central\u0103 pasiunea pentru diversitate \u015fi implicit dezvoltare multilateral\u0103, baz\u00e2ndu-se strict pe un capital 100% rom\u00e2nesc.<\/p>\t\t\t\t\t\t<\/div>\n\t\t\t\t<\/div>\n\t\t\t\t\t<\/div>\n\t\t<\/div>\n\t\t\t\t\t<\/div>\n\t\t<\/section>\n\t\t\t\t<section class=\"elementor-section elementor-top-section elementor-element elementor-element-d9c548b elementor-section-boxed elementor-section-height-default elementor-section-height-default\" data-id=\"d9c548b\" data-element_type=\"section\" data-settings=\"{&quot;background_background&quot;:&quot;gradient&quot;}\">\n\t\t\t\t\t\t<div class=\"elementor-container elementor-column-gap-default\">\n\t\t\t\t\t<div class=\"elementor-column elementor-col-100 elementor-top-column elementor-element elementor-element-50159ec\" data-id=\"50159ec\" data-element_type=\"column\" data-settings=\"{&quot;background_background&quot;:&quot;classic&quot;}\">\n\t\t\t<div class=\"elementor-widget-wrap elementor-element-populated\">\n\t\t\t\t\t\t<section class=\"elementor-section elementor-inner-section elementor-element elementor-element-356d404 elementor-section-full_width elementor-section-height-default elementor-section-height-default\" data-id=\"356d404\" data-element_type=\"section\">\n\t\t\t\t\t\t<div class=\"elementor-container elementor-column-gap-default\">\n\t\t\t\t\t<div class=\"elementor-column elementor-col-100 elementor-inner-column elementor-element elementor-element-a368d7a\" data-id=\"a368d7a\" data-element_type=\"column\">\n\t\t\t<div class=\"elementor-widget-wrap elementor-element-populated\">\n\t\t\t\t\t\t<div class=\"elementor-element elementor-element-f18d0ec elementor-widget elementor-widget-heading\" data-id=\"f18d0ec\" data-element_type=\"widget\" data-widget_type=\"heading.default\">\n\t\t\t\t<div class=\"elementor-widget-container\">\n\t\t\t<h2 class=\"elementor-heading-title elementor-size-default\">CONTACT<\/h2>\t\t<\/div>\n\t\t\t\t<\/div>\n\t\t\t\t\t<\/div>\n\t\t<\/div>\n\t\t\t\t\t<\/div>\n\t\t<\/section>\n\t\t\t\t<div class=\"elementor-element elementor-element-869da21 elementor-align-left elementor-mobile-align-left elementor-icon-list--layout-traditional elementor-list-item-link-full_width elementor-widget elementor-widget-icon-list\" data-id=\"869da21\" data-element_type=\"widget\" data-widget_type=\"icon-list.default\">\n\t\t\t\t<div class=\"elementor-widget-container\">\n\t\t\t\t\t<ul class=\"elementor-icon-list-items\">\n\t\t\t\t\t\t\t<li class=\"elementor-icon-list-item\">\n\t\t\t\t\t\t\t\t\t\t\t<span class=\"elementor-icon-list-icon\">\n\t\t\t\t\t\t\t<i aria-hidden=\"true\" class=\"fas fa-chevron-right\"><\/i>\t\t\t\t\t\t<\/span>\n\t\t\t\t\t\t\t\t\t\t<span class=\"elementor-icon-list-text\">Dispecerat Na\u021bional<\/span>\n\t\t\t\t\t\t\t\t\t<\/li>\n\t\t\t\t\t\t\t\t<li class=\"elementor-icon-list-item\">\n\t\t\t\t\t\t\t\t\t\t\t<a href=\"tel:+4021902\">\n\n\t\t\t\t\t\t\t\t\t\t\t\t<span class=\"elementor-icon-list-icon\">\n\t\t\t\t\t\t\t<i aria-hidden=\"true\" class=\"fas fa-phone-alt\"><\/i>\t\t\t\t\t\t<\/span>\n\t\t\t\t\t\t\t\t\t\t<span class=\"elementor-icon-list-text\">021 9502<\/span>\n\t\t\t\t\t\t\t\t\t\t\t<\/a>\n\t\t\t\t\t\t\t\t\t<\/li>\n\t\t\t\t\t\t\t\t<li class=\"elementor-icon-list-item\">\n\t\t\t\t\t\t\t\t\t\t\t<a href=\"mailto:mihaela.neicu@neiholding.ro%20\">\n\n\t\t\t\t\t\t\t\t\t\t\t\t<span class=\"elementor-icon-list-icon\">\n\t\t\t\t\t\t\t<i aria-hidden=\"true\" class=\"fas fa-mail-bulk\"><\/i>\t\t\t\t\t\t<\/span>\n\t\t\t\t\t\t\t\t\t\t<span class=\"elementor-icon-list-text\">mihaela.neicu@neiholding.ro <\/span>\n\t\t\t\t\t\t\t\t\t\t\t<\/a>\n\t\t\t\t\t\t\t\t\t<\/li>\n\t\t\t\t\t\t\t\t<li class=\"elementor-icon-list-item\">\n\t\t\t\t\t\t\t\t\t\t\t<a href=\"https:\/\/goo.gl\/maps\/Ls3az2oqqeUp8hdK8\">\n\n\t\t\t\t\t\t\t\t\t\t\t\t<span class=\"elementor-icon-list-icon\">\n\t\t\t\t\t\t\t<i aria-hidden=\"true\" class=\"fas fa-search-location\"><\/i>\t\t\t\t\t\t<\/span>\n\t\t\t\t\t\t\t\t\t\t<span class=\"elementor-icon-list-text\">Bucure\u0219ti, Str. Ghiozdanului nr. 6A,<\/br>  Sector 1, Cod po\u0219tal 014163<\/span>\n\t\t\t\t\t\t\t\t\t\t\t<\/a>\n\t\t\t\t\t\t\t\t\t<\/li>\n\t\t\t\t\t\t<\/ul>\n\t\t\t\t<\/div>\n\t\t\t\t<\/div>\n\t\t\t\t<div class=\"elementor-element elementor-element-d7bcb2b elementor-widget elementor-widget-spacer\" data-id=\"d7bcb2b\" data-element_type=\"widget\" data-widget_type=\"spacer.default\">\n\t\t\t\t<div class=\"elementor-widget-container\">\n\t\t\t\t\t<div class=\"elementor-spacer\">\n\t\t\t<div class=\"elementor-spacer-inner\"><\/div>\n\t\t<\/div>\n\t\t\t\t<\/div>\n\t\t\t\t<\/div>\n\t\t\t\t\t<\/div>\n\t\t<\/div>\n\t\t\t\t\t<\/div>\n\t\t<\/section>\n\t\t\t\t<section class=\"elementor-section elementor-top-section elementor-element elementor-element-2cd3d36 elementor-section-boxed elementor-section-height-default elementor-section-height-default\" data-id=\"2cd3d36\" data-element_type=\"section\">\n\t\t\t\t\t\t<div class=\"elementor-container elementor-column-gap-default\">\n\t\t\t\t\t<div class=\"elementor-column elementor-col-100 elementor-top-column elementor-element elementor-element-b512c1a\" data-id=\"b512c1a\" data-element_type=\"column\">\n\t\t\t<div class=\"elementor-widget-wrap elementor-element-populated\">\n\t\t\t\t\t\t<div class=\"elementor-element elementor-element-febe9ac elementor-widget elementor-widget-heading\" data-id=\"febe9ac\" data-element_type=\"widget\" data-widget_type=\"heading.default\">\n\t\t\t\t<div class=\"elementor-widget-container\">\n\t\t\t<h2 class=\"elementor-heading-title elementor-size-default\">LICENTE<\/h2>\t\t<\/div>\n\t\t\t\t<\/div>\n\t\t\t\t<div class=\"elementor-element elementor-element-b1db6f7 elementor-widget elementor-widget-image\" data-id=\"b1db6f7\" data-element_type=\"widget\" data-widget_type=\"image.default\">\n\t\t\t\t<div class=\"elementor-widget-container\">\n\t\t\t\t\t\t\t\t\t\t\t\t\t<img fetchpriority=\"high\" decoding=\"async\" width=\"768\" height=\"543\" src=\"https:\/\/neiholding.ro\/wp-content\/uploads\/2022\/02\/LICENTA-RONEI-GUARD.jpg\" class=\"attachment-large size-large wp-image-538\" alt=\"\" srcset=\"https:\/\/neiholding.ro\/wp-content\/uploads\/2022\/02\/LICENTA-RONEI-GUARD.jpg 768w, https:\/\/neiholding.ro\/wp-content\/uploads\/2022\/02\/LICENTA-RONEI-GUARD-300x212.jpg 300w\" sizes=\"(max-width: 768px) 100vw, 768px\" \/>\t\t\t\t\t\t\t\t\t\t\t\t\t<\/div>\n\t\t\t\t<\/div>\n\t\t\t\t<div class=\"elementor-element elementor-element-6ace716 elementor-widget elementor-widget-image\" data-id=\"6ace716\" data-element_type=\"widget\" data-widget_type=\"image.default\">\n\t\t\t\t<div class=\"elementor-widget-container\">\n\t\t\t\t\t\t\t\t\t\t\t\t\t<img decoding=\"async\" width=\"768\" height=\"555\" src=\"https:\/\/neiholding.ro\/wp-content\/uploads\/2022\/02\/RONEI-T.jpg\" class=\"attachment-large size-large wp-image-539\" alt=\"\" srcset=\"https:\/\/neiholding.ro\/wp-content\/uploads\/2022\/02\/RONEI-T.jpg 768w, https:\/\/neiholding.ro\/wp-content\/uploads\/2022\/02\/RONEI-T-300x217.jpg 300w\" sizes=\"(max-width: 768px) 100vw, 768px\" \/>\t\t\t\t\t\t\t\t\t\t\t\t\t<\/div>\n\t\t\t\t<\/div>\n\t\t\t\t\t<\/div>\n\t\t<\/div>\n\t\t\t\t\t<\/div>\n\t\t<\/section>\n\t\t\t\t<\/div>\n\t\t","protected":false},"excerpt":{"rendered":"<p>SERVICII \u2013 MONITORIZARE VIDEO\u2013 INTERVENTIE RAPIDA\u2013 SERVICII TEHNICE\u2013 PAZA\u2013 TRANSPORT VALORI\u2013 ESCORTA VIP\u2013 BUSINESS INTELLIGENCE\u2013 TELECOMUNICATII SECURIZATE\u2013 SECURITATEA INFORMATIILOR\u2013 MONITORIZARE FLOTA AUTO PRIN GPS\u2013 SECURITATE LA INCENDIU Alaturi de NEI Divizia de Securitate, NEI Medica Asist, NEI Fashion Style, NEI Fire Services, NEI Management Consulting , Agentia Privata de Investigatii NEI, Nei View si NEI [&hellip;]<\/p>\n","protected":false},"author":1,"featured_media":0,"parent":0,"menu_order":0,"comment_status":"closed","ping_status":"closed","template":"elementor_header_footer","meta":{"footnotes":""},"class_list":["post-532","page","type-page","status-publish","hentry"],"_links":{"self":[{"href":"https:\/\/neiholding.ro\/index.php\/wp-json\/wp\/v2\/pages\/532","targetHints":{"allow":["GET"]}}],"collection":[{"href":"https:\/\/neiholding.ro\/index.php\/wp-json\/wp\/v2\/pages"}],"about":[{"href":"https:\/\/neiholding.ro\/index.php\/wp-json\/wp\/v2\/types\/page"}],"author":[{"embeddable":true,"href":"https:\/\/neiholding.ro\/index.php\/wp-json\/wp\/v2\/users\/1"}],"replies":[{"embeddable":true,"href":"https:\/\/neiholding.ro\/index.php\/wp-json\/wp\/v2\/comments?post=532"}],"version-history":[{"count":40,"href":"https:\/\/neiholding.ro\/index.php\/wp-json\/wp\/v2\/pages\/532\/revisions"}],"predecessor-version":[{"id":1102,"href":"https:\/\/neiholding.ro\/index.php\/wp-json\/wp\/v2\/pages\/532\/revisions\/1102"}],"wp:attachment":[{"href":"https:\/\/neiholding.ro\/index.php\/wp-json\/wp\/v2\/media?parent=532"}],"curies":[{"name":"wp","href":"https:\/\/api.w.org\/{rel}","templated":true}]}}